{"id":408,"date":"2022-12-12T19:56:31","date_gmt":"2022-12-12T19:56:31","guid":{"rendered":"https:\/\/wolskar.com\/tienda\/?post_type=product&#038;p=408"},"modified":"2024-01-23T14:36:22","modified_gmt":"2024-01-23T14:36:22","slug":"bobina-ignicion-bujia-renault","status":"publish","type":"product","link":"https:\/\/wolskar.com\/tienda\/producto\/bobina-ignicion-bujia-renault\/","title":{"rendered":"BOBINA IGNICI\u00d3N BUJ\u00cdA | RENAULT"},"content":{"rendered":"<p>BOBINA IGNICI\u00d3N BUJ\u00cdA BORA 1.8T\/GOLF 1.8 TURBO\/JETTA 2.5\/ALTEA 2.0\/LE\u00d3N<\/p>\n<ul class=\"tagchecklist\" role=\"list\">\n<li><button id=\"product_tag-check-num-0\" class=\"ntdelbutton\" type=\"button\"><span class=\"screen-reader-text\">Eliminar el t\u00e9rmino: 06F-905-115F<\/span><\/button>\u00a006F-905-115F<\/li>\n<li><button id=\"product_tag-check-num-1\" class=\"ntdelbutton\" type=\"button\"><span class=\"screen-reader-text\">Eliminar el t\u00e9rmino: 20120<\/span><\/button>\u00a020120<\/li>\n<li><button id=\"product_tag-check-num-2\" class=\"ntdelbutton\" type=\"button\"><span class=\"screen-reader-text\">Eliminar el t\u00e9rmino: ALTEA 2.0<\/span><\/button>\u00a0ALTEA 2.0<\/li>\n<li><button id=\"product_tag-check-num-3\" class=\"ntdelbutton\" type=\"button\"><span class=\"screen-reader-text\">Eliminar el t\u00e9rmino: BOBINA IGNICI\u00d3N<\/span><\/button>\u00a0BOBINA IGNICI\u00d3N<\/li>\n<li><button id=\"product_tag-check-num-4\" class=\"ntdelbutton\" type=\"button\"><span class=\"screen-reader-text\">Eliminar el t\u00e9rmino: BORA 1.8<\/span><\/button>\u00a0BORA 1.8<\/li>\n<li><button id=\"product_tag-check-num-5\" class=\"ntdelbutton\" type=\"button\"><span class=\"screen-reader-text\">Eliminar el t\u00e9rmino: Bremi<\/span><\/button>\u00a0Bremi<\/li>\n<li><button id=\"product_tag-check-num-6\" class=\"ntdelbutton\" type=\"button\"><span class=\"screen-reader-text\">Eliminar el t\u00e9rmino: BUJ\u00cdA<\/span><\/button>\u00a0BUJ\u00cdA<\/li>\n<li><button id=\"product_tag-check-num-7\" class=\"ntdelbutton\" type=\"button\"><span class=\"screen-reader-text\">Eliminar el t\u00e9rmino: GOLF 1.8 TURBO<\/span><\/button>\u00a0GOLF 1.8 TURBO<\/li>\n<li><button id=\"product_tag-check-num-8\" class=\"ntdelbutton\" type=\"button\"><span class=\"screen-reader-text\">Eliminar el t\u00e9rmino: JETTA 2.5<\/span><\/button>\u00a0JETTA 2.5<\/li>\n<li><button id=\"product_tag-check-num-9\" class=\"ntdelbutton\" type=\"button\"><span class=\"screen-reader-text\">Eliminar el t\u00e9rmino: LE\u00d3N<\/span><\/button>\u00a0LE\u00d3N<\/li>\n<li><button id=\"product_tag-check-num-10\" class=\"ntdelbutton\" type=\"button\"><span class=\"screen-reader-text\">Eliminar el t\u00e9rmino: VOLKSWAGEN<\/span><\/button>\u00a0VOLKSWAGEN<\/li>\n<\/ul>\n","protected":false},"excerpt":{"rendered":"<p>BOBINA IGNICI\u00d3N BUJ\u00cdA BORA 1.8T\/GOLF 1.8 TURBO\/JETTA 2.5\/ALTEA 2.0\/LE\u00d3N<\/p>\n","protected":false},"featured_media":604,"comment_status":"open","ping_status":"closed","template":"","meta":{"_joinchat":[]},"product_brand":[],"product_cat":[41,32],"product_tag":[236,237,234,229,231,58,230,232,233,235,72],"class_list":{"0":"post-408","1":"product","2":"type-product","3":"status-publish","4":"has-post-thumbnail","6":"product_cat-electrico-y-electronico","7":"product_cat-mecanico","8":"product_tag-06f-905-115f","9":"product_tag-237","10":"product_tag-altea-2-0","11":"product_tag-bobina-ignicion","12":"product_tag-bora-1-8","13":"product_tag-bremi","14":"product_tag-bujia","15":"product_tag-golf-1-8-turbo","16":"product_tag-jetta-2-5","17":"product_tag-leon","18":"product_tag-volkswagen","20":"first","21":"instock","22":"shipping-taxable","23":"product-type-simple"},"_links":{"self":[{"href":"https:\/\/wolskar.com\/tienda\/wp-json\/wp\/v2\/product\/408","targetHints":{"allow":["GET"]}}],"collection":[{"href":"https:\/\/wolskar.com\/tienda\/wp-json\/wp\/v2\/product"}],"about":[{"href":"https:\/\/wolskar.com\/tienda\/wp-json\/wp\/v2\/types\/product"}],"replies":[{"embeddable":true,"href":"https:\/\/wolskar.com\/tienda\/wp-json\/wp\/v2\/comments?post=408"}],"wp:featuredmedia":[{"embeddable":true,"href":"https:\/\/wolskar.com\/tienda\/wp-json\/wp\/v2\/media\/604"}],"wp:attachment":[{"href":"https:\/\/wolskar.com\/tienda\/wp-json\/wp\/v2\/media?parent=408"}],"wp:term":[{"taxonomy":"product_brand","embeddable":true,"href":"https:\/\/wolskar.com\/tienda\/wp-json\/wp\/v2\/product_brand?post=408"},{"taxonomy":"product_cat","embeddable":true,"href":"https:\/\/wolskar.com\/tienda\/wp-json\/wp\/v2\/product_cat?post=408"},{"taxonomy":"product_tag","embeddable":true,"href":"https:\/\/wolskar.com\/tienda\/wp-json\/wp\/v2\/product_tag?post=408"}],"curies":[{"name":"wp","href":"https:\/\/api.w.org\/{rel}","templated":true}]}}