{"id":1813,"date":"2023-08-15T13:06:20","date_gmt":"2023-08-15T13:06:20","guid":{"rendered":"https:\/\/wolskar.com\/tienda\/?post_type=product&#038;p=1813"},"modified":"2024-01-19T13:36:44","modified_gmt":"2024-01-19T13:36:44","slug":"pinon-de-ciguenal-fox-space-fox-polo","status":"publish","type":"product","link":"https:\/\/wolskar.com\/tienda\/producto\/pinon-de-ciguenal-fox-space-fox-polo\/","title":{"rendered":"PI\u00d1ON DE CIG\u00dcE\u00d1AL |VOLKSWAGEN"},"content":{"rendered":"<p>PI\u00d1ON DE CIG\u00dcE\u00d1AL FOX\/ SPACE FOX\/ POLO<\/p>\n<ul class=\"tagchecklist\" role=\"list\">\n<li><button id=\"product_tag-check-num-0\" class=\"ntdelbutton\" type=\"button\"><span class=\"screen-reader-text\">Eliminar el t\u00e9rmino: 002-30-03568<\/span><\/button>\u00a0002-30-03568<\/li>\n<li><button id=\"product_tag-check-num-1\" class=\"ntdelbutton\" type=\"button\"><span class=\"screen-reader-text\">Eliminar el t\u00e9rmino: 030-105-263C<\/span><\/button>\u00a0030-105-263C<\/li>\n<li><button id=\"product_tag-check-num-2\" class=\"ntdelbutton\" type=\"button\"><span class=\"screen-reader-text\">Eliminar el t\u00e9rmino: BBR<\/span><\/button>\u00a0BBR<\/li>\n<li><button id=\"product_tag-check-num-3\" class=\"ntdelbutton\" type=\"button\"><span class=\"screen-reader-text\">Eliminar el t\u00e9rmino: CIG\u00dcE\u00d1AL<\/span><\/button>\u00a0CIG\u00dcE\u00d1AL<\/li>\n<li><button id=\"product_tag-check-num-4\" class=\"ntdelbutton\" type=\"button\"><span class=\"screen-reader-text\">Eliminar el t\u00e9rmino: FOX<\/span><\/button>\u00a0FOX<\/li>\n<li><button id=\"product_tag-check-num-5\" class=\"ntdelbutton\" type=\"button\"><span class=\"screen-reader-text\">Eliminar el t\u00e9rmino: PI\u00d1ON<\/span><\/button>\u00a0PI\u00d1ON<\/li>\n<li><button id=\"product_tag-check-num-6\" class=\"ntdelbutton\" type=\"button\"><span class=\"screen-reader-text\">Eliminar el t\u00e9rmino: POLO<\/span><\/button>\u00a0POLO<\/li>\n<li><button id=\"product_tag-check-num-7\" class=\"ntdelbutton\" type=\"button\"><span class=\"screen-reader-text\">Eliminar el t\u00e9rmino: SPACE FOX<\/span><\/button>\u00a0SPACE FOX<\/li>\n<li><button id=\"product_tag-check-num-8\" class=\"ntdelbutton\" type=\"button\"><span class=\"screen-reader-text\">Eliminar el t\u00e9rmino: VOLKSWAGEN<\/span><\/button>\u00a0VOLKSWAGEN<\/li>\n<\/ul>\n","protected":false},"excerpt":{"rendered":"<p>PI\u00d1ON DE CIG\u00dcE\u00d1AL FOX\/ SPACE FOX\/ POLO<\/p>\n","protected":false},"featured_media":1902,"comment_status":"open","ping_status":"closed","template":"","meta":{"_joinchat":[]},"product_brand":[],"product_cat":[32],"product_tag":[1001,1002,25,984,200,983,212,985,72],"class_list":{"0":"post-1813","1":"product","2":"type-product","3":"status-publish","4":"has-post-thumbnail","6":"product_cat-mecanico","7":"product_tag-002-30-03568","8":"product_tag-030-105-263c","9":"product_tag-bbr","10":"product_tag-ciguenal","11":"product_tag-fox","12":"product_tag-pinon","13":"product_tag-polo","14":"product_tag-space-fox","15":"product_tag-volkswagen","17":"first","18":"instock","19":"shipping-taxable","20":"product-type-simple"},"_links":{"self":[{"href":"https:\/\/wolskar.com\/tienda\/wp-json\/wp\/v2\/product\/1813","targetHints":{"allow":["GET"]}}],"collection":[{"href":"https:\/\/wolskar.com\/tienda\/wp-json\/wp\/v2\/product"}],"about":[{"href":"https:\/\/wolskar.com\/tienda\/wp-json\/wp\/v2\/types\/product"}],"replies":[{"embeddable":true,"href":"https:\/\/wolskar.com\/tienda\/wp-json\/wp\/v2\/comments?post=1813"}],"wp:featuredmedia":[{"embeddable":true,"href":"https:\/\/wolskar.com\/tienda\/wp-json\/wp\/v2\/media\/1902"}],"wp:attachment":[{"href":"https:\/\/wolskar.com\/tienda\/wp-json\/wp\/v2\/media?parent=1813"}],"wp:term":[{"taxonomy":"product_brand","embeddable":true,"href":"https:\/\/wolskar.com\/tienda\/wp-json\/wp\/v2\/product_brand?post=1813"},{"taxonomy":"product_cat","embeddable":true,"href":"https:\/\/wolskar.com\/tienda\/wp-json\/wp\/v2\/product_cat?post=1813"},{"taxonomy":"product_tag","embeddable":true,"href":"https:\/\/wolskar.com\/tienda\/wp-json\/wp\/v2\/product_tag?post=1813"}],"curies":[{"name":"wp","href":"https:\/\/api.w.org\/{rel}","templated":true}]}}