{"id":1240,"date":"2023-02-10T20:31:54","date_gmt":"2023-02-10T20:31:54","guid":{"rendered":"https:\/\/wolskar.com\/tienda\/?post_type=product&#038;p=1240"},"modified":"2024-01-19T14:54:40","modified_gmt":"2024-01-19T14:54:40","slug":"barra-axial-volkswagen-8","status":"publish","type":"product","link":"https:\/\/wolskar.com\/tienda\/producto\/barra-axial-volkswagen-8\/","title":{"rendered":"BARRA AXIAL | VOLKSWAGEN"},"content":{"rendered":"<p>BARRA AXIAL GOLF III\/VENTO (DIR. HIDRAULICA)<\/p>\n<ul class=\"tagchecklist\" role=\"list\">\n<li><button id=\"product_tag-check-num-0\" class=\"ntdelbutton\" type=\"button\"><span class=\"screen-reader-text\">Eliminar el t\u00e9rmino: 1H0-422-821A<\/span><\/button>\u00a01H0-422-821A<\/li>\n<li><button id=\"product_tag-check-num-1\" class=\"ntdelbutton\" type=\"button\"><span class=\"screen-reader-text\">Eliminar el t\u00e9rmino: BARRA AXIAL<\/span><\/button>\u00a0BARRA AXIAL<\/li>\n<li><button id=\"product_tag-check-num-2\" class=\"ntdelbutton\" type=\"button\"><span class=\"screen-reader-text\">Eliminar el t\u00e9rmino: DIRECCI\u00d3N HIDR\u00c1ULICA<\/span><\/button>\u00a0DIRECCI\u00d3N HIDR\u00c1ULICA<\/li>\n<li><button id=\"product_tag-check-num-3\" class=\"ntdelbutton\" type=\"button\"><span class=\"screen-reader-text\">Eliminar el t\u00e9rmino: G.K.P.<\/span><\/button>\u00a0G.K.P.<\/li>\n<li><button id=\"product_tag-check-num-4\" class=\"ntdelbutton\" type=\"button\"><span class=\"screen-reader-text\">Eliminar el t\u00e9rmino: GKP-82-00987<\/span><\/button>\u00a0GKP-82-00987<\/li>\n<li><button id=\"product_tag-check-num-5\" class=\"ntdelbutton\" type=\"button\"><span class=\"screen-reader-text\">Eliminar el t\u00e9rmino: GOLF III<\/span><\/button>\u00a0GOLF III<\/li>\n<li><button id=\"product_tag-check-num-6\" class=\"ntdelbutton\" type=\"button\"><span class=\"screen-reader-text\">Eliminar el t\u00e9rmino: VENTO<\/span><\/button>\u00a0VENTO<\/li>\n<li><button id=\"product_tag-check-num-7\" class=\"ntdelbutton\" type=\"button\"><span class=\"screen-reader-text\">Eliminar el t\u00e9rmino: VOLKSWAGEN<\/span><\/button>\u00a0VOLKSWAGEN<\/li>\n<li><button id=\"product_tag-check-num-8\" class=\"ntdelbutton\" type=\"button\"><span class=\"screen-reader-text\">Eliminar el t\u00e9rmino: VW<\/span><\/button>\u00a0VW<\/li>\n<\/ul>\n","protected":false},"excerpt":{"rendered":"<p>BARRA AXIAL GOLF III\/VENTO (DIR. HIDRAULICA)<\/p>\n","protected":false},"featured_media":1246,"comment_status":"open","ping_status":"closed","template":"","meta":{"_joinchat":[]},"product_brand":[],"product_cat":[32],"product_tag":[700,625,632,35,701,365,315,72,397],"class_list":{"0":"post-1240","1":"product","2":"type-product","3":"status-publish","4":"has-post-thumbnail","6":"product_cat-mecanico","7":"product_tag-1h0-422-821a","8":"product_tag-barra-axial","9":"product_tag-direccion-hidraulica","10":"product_tag-g-k-p","11":"product_tag-gkp-82-00987","12":"product_tag-golf-iii","13":"product_tag-vento","14":"product_tag-volkswagen","15":"product_tag-vw","17":"first","18":"instock","19":"shipping-taxable","20":"product-type-simple"},"_links":{"self":[{"href":"https:\/\/wolskar.com\/tienda\/wp-json\/wp\/v2\/product\/1240","targetHints":{"allow":["GET"]}}],"collection":[{"href":"https:\/\/wolskar.com\/tienda\/wp-json\/wp\/v2\/product"}],"about":[{"href":"https:\/\/wolskar.com\/tienda\/wp-json\/wp\/v2\/types\/product"}],"replies":[{"embeddable":true,"href":"https:\/\/wolskar.com\/tienda\/wp-json\/wp\/v2\/comments?post=1240"}],"wp:featuredmedia":[{"embeddable":true,"href":"https:\/\/wolskar.com\/tienda\/wp-json\/wp\/v2\/media\/1246"}],"wp:attachment":[{"href":"https:\/\/wolskar.com\/tienda\/wp-json\/wp\/v2\/media?parent=1240"}],"wp:term":[{"taxonomy":"product_brand","embeddable":true,"href":"https:\/\/wolskar.com\/tienda\/wp-json\/wp\/v2\/product_brand?post=1240"},{"taxonomy":"product_cat","embeddable":true,"href":"https:\/\/wolskar.com\/tienda\/wp-json\/wp\/v2\/product_cat?post=1240"},{"taxonomy":"product_tag","embeddable":true,"href":"https:\/\/wolskar.com\/tienda\/wp-json\/wp\/v2\/product_tag?post=1240"}],"curies":[{"name":"wp","href":"https:\/\/api.w.org\/{rel}","templated":true}]}}