{"id":1234,"date":"2023-02-10T20:27:10","date_gmt":"2023-02-10T20:27:10","guid":{"rendered":"https:\/\/wolskar.com\/tienda\/?post_type=product&#038;p=1234"},"modified":"2024-01-19T14:51:23","modified_gmt":"2024-01-19T14:51:23","slug":"barra-axial-volkswagen-6","status":"publish","type":"product","link":"https:\/\/wolskar.com\/tienda\/producto\/barra-axial-volkswagen-6\/","title":{"rendered":"BARRA AXIAL | VOLKSWAGEN"},"content":{"rendered":"<p>BARRA AXIAL GOL 95-&gt; DIR.MEC C\/TERMINAL DER<\/p>\n<ul class=\"tagchecklist\" role=\"list\">\n<li><button id=\"product_tag-check-num-0\" class=\"ntdelbutton\" type=\"button\"><span class=\"screen-reader-text\">Eliminar el t\u00e9rmino: 377-419-801<\/span><\/button>\u00a0377-419-801<\/li>\n<li><button id=\"product_tag-check-num-1\" class=\"ntdelbutton\" type=\"button\"><span class=\"screen-reader-text\">Eliminar el t\u00e9rmino: 90-05960-1<\/span><\/button>\u00a090-05960-1<\/li>\n<li><button id=\"product_tag-check-num-2\" class=\"ntdelbutton\" type=\"button\"><span class=\"screen-reader-text\">Eliminar el t\u00e9rmino: BARRA AXIL<\/span><\/button>\u00a0BARRA AXIL<\/li>\n<li><button id=\"product_tag-check-num-3\" class=\"ntdelbutton\" type=\"button\"><span class=\"screen-reader-text\">Eliminar el t\u00e9rmino: DIRECCI\u00d3N MEC\u00c1NICA<\/span><\/button>\u00a0DIRECCI\u00d3N MEC\u00c1NICA<\/li>\n<li><button id=\"product_tag-check-num-4\" class=\"ntdelbutton\" type=\"button\"><span class=\"screen-reader-text\">Eliminar el t\u00e9rmino: GOL 95<\/span><\/button>\u00a0GOL 95<\/li>\n<li><button id=\"product_tag-check-num-5\" class=\"ntdelbutton\" type=\"button\"><span class=\"screen-reader-text\">Eliminar el t\u00e9rmino: RTS<\/span><\/button>\u00a0RTS<\/li>\n<li><button id=\"product_tag-check-num-6\" class=\"ntdelbutton\" type=\"button\"><span class=\"screen-reader-text\">Eliminar el t\u00e9rmino: TERMINAL DERECHO<\/span><\/button>\u00a0TERMINAL DERECHO<\/li>\n<li><button id=\"product_tag-check-num-7\" class=\"ntdelbutton\" type=\"button\"><span class=\"screen-reader-text\">Eliminar el t\u00e9rmino: VOLKSWAGEN<\/span><\/button>\u00a0VOLKSWAGEN<\/li>\n<li><button id=\"product_tag-check-num-8\" class=\"ntdelbutton\" type=\"button\"><span class=\"screen-reader-text\">Eliminar el t\u00e9rmino: VW<\/span><\/button>\u00a0VW<\/li>\n<\/ul>\n","protected":false},"excerpt":{"rendered":"<p>BARRA AXIAL GOL 95-&gt; DIR.MEC C\/TERMINAL DER<\/p>\n","protected":false},"featured_media":1250,"comment_status":"open","ping_status":"closed","template":"","meta":{"_joinchat":[]},"product_brand":[],"product_cat":[32],"product_tag":[696,697,695,650,686,630,687,72,397],"class_list":{"0":"post-1234","1":"product","2":"type-product","3":"status-publish","4":"has-post-thumbnail","6":"product_cat-mecanico","7":"product_tag-377-419-801","8":"product_tag-90-05960-1","9":"product_tag-barra-axil","10":"product_tag-direccion-mecanica","11":"product_tag-gol-95","12":"product_tag-rts","13":"product_tag-terminal-derecho","14":"product_tag-volkswagen","15":"product_tag-vw","17":"first","18":"instock","19":"shipping-taxable","20":"product-type-simple"},"_links":{"self":[{"href":"https:\/\/wolskar.com\/tienda\/wp-json\/wp\/v2\/product\/1234","targetHints":{"allow":["GET"]}}],"collection":[{"href":"https:\/\/wolskar.com\/tienda\/wp-json\/wp\/v2\/product"}],"about":[{"href":"https:\/\/wolskar.com\/tienda\/wp-json\/wp\/v2\/types\/product"}],"replies":[{"embeddable":true,"href":"https:\/\/wolskar.com\/tienda\/wp-json\/wp\/v2\/comments?post=1234"}],"wp:featuredmedia":[{"embeddable":true,"href":"https:\/\/wolskar.com\/tienda\/wp-json\/wp\/v2\/media\/1250"}],"wp:attachment":[{"href":"https:\/\/wolskar.com\/tienda\/wp-json\/wp\/v2\/media?parent=1234"}],"wp:term":[{"taxonomy":"product_brand","embeddable":true,"href":"https:\/\/wolskar.com\/tienda\/wp-json\/wp\/v2\/product_brand?post=1234"},{"taxonomy":"product_cat","embeddable":true,"href":"https:\/\/wolskar.com\/tienda\/wp-json\/wp\/v2\/product_cat?post=1234"},{"taxonomy":"product_tag","embeddable":true,"href":"https:\/\/wolskar.com\/tienda\/wp-json\/wp\/v2\/product_tag?post=1234"}],"curies":[{"name":"wp","href":"https:\/\/api.w.org\/{rel}","templated":true}]}}