{"id":1193,"date":"2023-02-09T17:36:35","date_gmt":"2023-02-09T17:36:35","guid":{"rendered":"https:\/\/wolskar.com\/tienda\/?post_type=product&#038;p=1193"},"modified":"2024-01-19T20:18:30","modified_gmt":"2024-01-19T20:18:30","slug":"barra-axial-general-motors-5","status":"publish","type":"product","link":"https:\/\/wolskar.com\/tienda\/producto\/barra-axial-general-motors-5\/","title":{"rendered":"BARRA AXIAL | GENERAL MOTORS"},"content":{"rendered":"<p>BARRA AXIAL CORSA 93-&gt;2000 DIRECCI\u00d3N. MEC\u00c1NICA<\/p>\n<ul class=\"tagchecklist\" role=\"list\">\n<li><button id=\"product_tag-check-num-0\" class=\"ntdelbutton\" type=\"button\"><span class=\"screen-reader-text\">Eliminar el t\u00e9rmino: 92-00332<\/span><\/button>\u00a092-00332<\/li>\n<li><button id=\"product_tag-check-num-1\" class=\"ntdelbutton\" type=\"button\"><span class=\"screen-reader-text\">Eliminar el t\u00e9rmino: 93324866<\/span><\/button>\u00a093324866<\/li>\n<li><button id=\"product_tag-check-num-2\" class=\"ntdelbutton\" type=\"button\"><span class=\"screen-reader-text\">Eliminar el t\u00e9rmino: BARRA AXIAL<\/span><\/button>\u00a0BARRA AXIAL<\/li>\n<li><button id=\"product_tag-check-num-3\" class=\"ntdelbutton\" type=\"button\"><span class=\"screen-reader-text\">Eliminar el t\u00e9rmino: CORSA 2000<\/span><\/button>\u00a0CORSA 2000<\/li>\n<li><button id=\"product_tag-check-num-4\" class=\"ntdelbutton\" type=\"button\"><span class=\"screen-reader-text\">Eliminar el t\u00e9rmino: CORSA 93<\/span><\/button>\u00a0CORSA 93<\/li>\n<li><button id=\"product_tag-check-num-5\" class=\"ntdelbutton\" type=\"button\"><span class=\"screen-reader-text\">Eliminar el t\u00e9rmino: DIRECCI\u00d3N MEC\u00c1NICA<\/span><\/button>\u00a0DIRECCI\u00d3N MEC\u00c1NICA<\/li>\n<li><button id=\"product_tag-check-num-6\" class=\"ntdelbutton\" type=\"button\"><span class=\"screen-reader-text\">Eliminar el t\u00e9rmino: GENERAL MOTORS<\/span><\/button>\u00a0GENERAL MOTORS<\/li>\n<li><button id=\"product_tag-check-num-7\" class=\"ntdelbutton\" type=\"button\"><span class=\"screen-reader-text\">Eliminar el t\u00e9rmino: GKP-82-00332<\/span><\/button>\u00a0GKP-82-00332<\/li>\n<li><button id=\"product_tag-check-num-8\" class=\"ntdelbutton\" type=\"button\"><span class=\"screen-reader-text\">Eliminar el t\u00e9rmino: GM<\/span><\/button>\u00a0GM<\/li>\n<li><button id=\"product_tag-check-num-9\" class=\"ntdelbutton\" type=\"button\"><span class=\"screen-reader-text\">Eliminar el t\u00e9rmino: RTS<\/span><\/button>\u00a0RTS<\/li>\n<\/ul>\n","protected":false},"excerpt":{"rendered":"<p>BARRA AXIAL CORSA 93-&gt;2000 DIRECCI\u00d3N. MEC\u00c1NICA<\/p>\n","protected":false},"featured_media":1276,"comment_status":"open","ping_status":"closed","template":"","meta":{"_joinchat":[]},"product_brand":[],"product_cat":[32],"product_tag":[652,651,625,635,645,650,140,653,136,630],"class_list":{"0":"post-1193","1":"product","2":"type-product","3":"status-publish","4":"has-post-thumbnail","6":"product_cat-mecanico","7":"product_tag-92-00332","8":"product_tag-651","9":"product_tag-barra-axial","10":"product_tag-corsa-2000","11":"product_tag-corsa-93","12":"product_tag-direccion-mecanica","13":"product_tag-general-motors","14":"product_tag-gkp-82-00332","15":"product_tag-gm","16":"product_tag-rts","18":"first","19":"instock","20":"shipping-taxable","21":"product-type-simple"},"_links":{"self":[{"href":"https:\/\/wolskar.com\/tienda\/wp-json\/wp\/v2\/product\/1193","targetHints":{"allow":["GET"]}}],"collection":[{"href":"https:\/\/wolskar.com\/tienda\/wp-json\/wp\/v2\/product"}],"about":[{"href":"https:\/\/wolskar.com\/tienda\/wp-json\/wp\/v2\/types\/product"}],"replies":[{"embeddable":true,"href":"https:\/\/wolskar.com\/tienda\/wp-json\/wp\/v2\/comments?post=1193"}],"wp:featuredmedia":[{"embeddable":true,"href":"https:\/\/wolskar.com\/tienda\/wp-json\/wp\/v2\/media\/1276"}],"wp:attachment":[{"href":"https:\/\/wolskar.com\/tienda\/wp-json\/wp\/v2\/media?parent=1193"}],"wp:term":[{"taxonomy":"product_brand","embeddable":true,"href":"https:\/\/wolskar.com\/tienda\/wp-json\/wp\/v2\/product_brand?post=1193"},{"taxonomy":"product_cat","embeddable":true,"href":"https:\/\/wolskar.com\/tienda\/wp-json\/wp\/v2\/product_cat?post=1193"},{"taxonomy":"product_tag","embeddable":true,"href":"https:\/\/wolskar.com\/tienda\/wp-json\/wp\/v2\/product_tag?post=1193"}],"curies":[{"name":"wp","href":"https:\/\/api.w.org\/{rel}","templated":true}]}}