{"id":1180,"date":"2023-02-09T15:23:40","date_gmt":"2023-02-09T15:23:40","guid":{"rendered":"https:\/\/wolskar.com\/tienda\/?post_type=product&#038;p=1180"},"modified":"2024-01-19T20:19:28","modified_gmt":"2024-01-19T20:19:28","slug":"barra-axial-general-motors","status":"publish","type":"product","link":"https:\/\/wolskar.com\/tienda\/producto\/barra-axial-general-motors\/","title":{"rendered":"BARRA AXIAL | GENERAL MOTORS"},"content":{"rendered":"<p>BARRA AXIAL AVEO 2004-&gt; DIRECCI\u00d3N HIDR\u00c1ULICA<\/p>\n<ul class=\"tagchecklist\" role=\"list\">\n<li><button id=\"product_tag-check-num-0\" class=\"ntdelbutton\" type=\"button\"><span class=\"screen-reader-text\">Eliminar el t\u00e9rmino: 92-03117<\/span><\/button>\u00a092-03117<\/li>\n<li><button id=\"product_tag-check-num-1\" class=\"ntdelbutton\" type=\"button\"><span class=\"screen-reader-text\">Eliminar el t\u00e9rmino: 965300<\/span><\/button>\u00a0965300<\/li>\n<li><button id=\"product_tag-check-num-2\" class=\"ntdelbutton\" type=\"button\"><span class=\"screen-reader-text\">Eliminar el t\u00e9rmino: AVEO 2004<\/span><\/button>\u00a0AVEO 2004<\/li>\n<li><button id=\"product_tag-check-num-3\" class=\"ntdelbutton\" type=\"button\"><span class=\"screen-reader-text\">Eliminar el t\u00e9rmino: BARRA AXIAL<\/span><\/button>\u00a0BARRA AXIAL<\/li>\n<li><button id=\"product_tag-check-num-4\" class=\"ntdelbutton\" type=\"button\"><span class=\"screen-reader-text\">Eliminar el t\u00e9rmino: DIRECCI\u00d3N HIDR\u00c1ULICA<\/span><\/button>\u00a0DIRECCI\u00d3N HIDR\u00c1ULICA<\/li>\n<li><button id=\"product_tag-check-num-5\" class=\"ntdelbutton\" type=\"button\"><span class=\"screen-reader-text\">Eliminar el t\u00e9rmino: GENERAL MOTORS<\/span><\/button>\u00a0GENERAL MOTORS<\/li>\n<li><button id=\"product_tag-check-num-6\" class=\"ntdelbutton\" type=\"button\"><span class=\"screen-reader-text\">Eliminar el t\u00e9rmino: GM<\/span><\/button>\u00a0GM<\/li>\n<li><button id=\"product_tag-check-num-7\" class=\"ntdelbutton\" type=\"button\"><span class=\"screen-reader-text\">Eliminar el t\u00e9rmino: RTS<\/span><\/button>\u00a0RTS<\/li>\n<\/ul>\n","protected":false},"excerpt":{"rendered":"<p>BARRA AXIAL AVEO 2004-&gt; DIRECCI\u00d3N HIDR\u00c1ULICA<\/p>\n","protected":false},"featured_media":1284,"comment_status":"open","ping_status":"closed","template":"","meta":{"_joinchat":[]},"product_brand":[],"product_cat":[32],"product_tag":[634,633,631,625,632,140,136,630],"class_list":{"0":"post-1180","1":"product","2":"type-product","3":"status-publish","4":"has-post-thumbnail","6":"product_cat-mecanico","7":"product_tag-92-03117","8":"product_tag-633","9":"product_tag-aveo-2004","10":"product_tag-barra-axial","11":"product_tag-direccion-hidraulica","12":"product_tag-general-motors","13":"product_tag-gm","14":"product_tag-rts","16":"first","17":"instock","18":"shipping-taxable","19":"product-type-simple"},"_links":{"self":[{"href":"https:\/\/wolskar.com\/tienda\/wp-json\/wp\/v2\/product\/1180","targetHints":{"allow":["GET"]}}],"collection":[{"href":"https:\/\/wolskar.com\/tienda\/wp-json\/wp\/v2\/product"}],"about":[{"href":"https:\/\/wolskar.com\/tienda\/wp-json\/wp\/v2\/types\/product"}],"replies":[{"embeddable":true,"href":"https:\/\/wolskar.com\/tienda\/wp-json\/wp\/v2\/comments?post=1180"}],"wp:featuredmedia":[{"embeddable":true,"href":"https:\/\/wolskar.com\/tienda\/wp-json\/wp\/v2\/media\/1284"}],"wp:attachment":[{"href":"https:\/\/wolskar.com\/tienda\/wp-json\/wp\/v2\/media?parent=1180"}],"wp:term":[{"taxonomy":"product_brand","embeddable":true,"href":"https:\/\/wolskar.com\/tienda\/wp-json\/wp\/v2\/product_brand?post=1180"},{"taxonomy":"product_cat","embeddable":true,"href":"https:\/\/wolskar.com\/tienda\/wp-json\/wp\/v2\/product_cat?post=1180"},{"taxonomy":"product_tag","embeddable":true,"href":"https:\/\/wolskar.com\/tienda\/wp-json\/wp\/v2\/product_tag?post=1180"}],"curies":[{"name":"wp","href":"https:\/\/api.w.org\/{rel}","templated":true}]}}